{"id":7,"date":"2022-04-10T10:07:05","date_gmt":"2022-04-10T08:07:05","guid":{"rendered":"http:\/\/manuel-millet.fr\/?page_id=7"},"modified":"2024-09-18T15:37:56","modified_gmt":"2024-09-18T13:37:56","slug":"accueil","status":"publish","type":"page","link":"https:\/\/manuel-millet.fr\/","title":{"rendered":"Accueil"},"content":{"rendered":"\t\t<div data-elementor-type=\"wp-page\" data-elementor-id=\"7\" class=\"elementor elementor-7\">\n\t\t\t\t\t\t<section class=\"elementor-section elementor-top-section elementor-element elementor-element-a55a588 elementor-section-boxed elementor-section-height-default elementor-section-height-default\" data-id=\"a55a588\" data-element_type=\"section\">\n\t\t\t\t\t\t<div class=\"elementor-container elementor-column-gap-default\">\n\t\t\t\t\t<div class=\"elementor-column elementor-col-100 elementor-top-column elementor-element elementor-element-bc0c2c4\" data-id=\"bc0c2c4\" data-element_type=\"column\">\n\t\t\t<div class=\"elementor-widget-wrap elementor-element-populated\">\n\t\t\t\t\t\t<div class=\"elementor-element elementor-element-2afdc68 elementor-widget elementor-widget-text-editor\" data-id=\"2afdc68\" data-element_type=\"widget\" data-widget_type=\"text-editor.default\">\n\t\t\t\t<div class=\"elementor-widget-container\">\n\t\t\t\t\t\t\t\t\t<p><span class=\"author-d-iz88z86z86za0dz67zz78zz78zz74zz68zjz80zz71z9iz90z94z82zz77z6z122zuz87z4rlz70zmz80zz71z0apjs218x7fz81zz81zkqg\"><strong>Nature Explora\u00ae<\/strong>\u00a0con\u00e7oit<\/span><span class=\"author-d-iz88z86z86za0dz67zz78zz78zz74zz68zjz80zz71z9iz90z94z82zz77z6z122zuz87z4rlz70zmz80zz71z0apjs218x7fz81zz81zkqg\">\u00a0des\u00a0<strong>s\u00e9jours<\/strong>\u00a0<strong>zen 100% Nature<\/strong>, \u00e0 la \u00a0fois\u00a0<strong>Simple et Premium<\/strong>, dans lesquels \u00a0<strong>Culture et Nature<\/strong>\u00a0\u00a0s&rsquo;allient pour permettre la v\u00e9ritable \u00e9vasion culturelle et un authentique ressourcement.<\/span><\/p><p>\u00a0<\/p><p><span class=\"author-d-iz88z86z86za0dz67zz78zz78zz74zz68zjz80zz71z9iz90z94z82zz77z6z122zuz87z4rlz70zmz80zz71z0apjs218x7fz81zz81zkqg\">L\u2019offre des s\u00e9jours th\u00e9matiques de Nature Explora est vari\u00e9e pour plaire au plus grand nombre. Et nul besoin d\u2019\u00eatre un sportif aguerri ni un alpiniste chevronn\u00e9 pour en profiter. Il suffit d\u2019avoir l\u2019envie de se rapprocher de la nature et de se ressourcer !<\/span><\/p>\t\t\t\t\t\t\t\t<\/div>\n\t\t\t\t<\/div>\n\t\t\t\t\t<\/div>\n\t\t<\/div>\n\t\t\t\t\t<\/div>\n\t\t<\/section>\n\t\t\t\t<\/div>\n\t\t","protected":false},"excerpt":{"rendered":"<p>Nature Explora\u00ae\u00a0con\u00e7oit\u00a0des\u00a0s\u00e9jours\u00a0zen 100% Nature, \u00e0 la \u00a0fois\u00a0Simple et Premium, dans lesquels \u00a0Culture et Nature\u00a0\u00a0s&rsquo;allient pour permettre la v\u00e9ritable \u00e9vasion culturelle et un authentique ressourcement. \u00a0 L\u2019offre des s\u00e9jours th\u00e9matiques de Nature Explora est vari\u00e9e pour plaire au plus grand nombre. Et nul besoin d\u2019\u00eatre un sportif aguerri ni un alpiniste chevronn\u00e9 pour en profiter. Il [&hellip;]<\/p>\n","protected":false},"author":1,"featured_media":0,"parent":0,"menu_order":0,"comment_status":"closed","ping_status":"closed","template":"elementor_canvas","meta":{"footnotes":""},"class_list":["post-7","page","type-page","status-publish","hentry"],"_links":{"self":[{"href":"https:\/\/manuel-millet.fr\/index.php\/wp-json\/wp\/v2\/pages\/7","targetHints":{"allow":["GET"]}}],"collection":[{"href":"https:\/\/manuel-millet.fr\/index.php\/wp-json\/wp\/v2\/pages"}],"about":[{"href":"https:\/\/manuel-millet.fr\/index.php\/wp-json\/wp\/v2\/types\/page"}],"author":[{"embeddable":true,"href":"https:\/\/manuel-millet.fr\/index.php\/wp-json\/wp\/v2\/users\/1"}],"replies":[{"embeddable":true,"href":"https:\/\/manuel-millet.fr\/index.php\/wp-json\/wp\/v2\/comments?post=7"}],"version-history":[{"count":22,"href":"https:\/\/manuel-millet.fr\/index.php\/wp-json\/wp\/v2\/pages\/7\/revisions"}],"predecessor-version":[{"id":1786,"href":"https:\/\/manuel-millet.fr\/index.php\/wp-json\/wp\/v2\/pages\/7\/revisions\/1786"}],"wp:attachment":[{"href":"https:\/\/manuel-millet.fr\/index.php\/wp-json\/wp\/v2\/media?parent=7"}],"curies":[{"name":"wp","href":"https:\/\/api.w.org\/{rel}","templated":true}]}}